{"id":3283,"date":"2025-12-16T12:28:36","date_gmt":"2025-12-16T12:28:36","guid":{"rendered":"https:\/\/xrexperiences.es\/tours\/"},"modified":"2026-02-16T09:23:05","modified_gmt":"2026-02-16T09:23:05","slug":"tours","status":"publish","type":"page","link":"https:\/\/xrexperiences.es\/en\/tours\/","title":{"rendered":"TOURS"},"content":{"rendered":"\t\t<div data-elementor-type=\"wp-page\" data-elementor-id=\"3283\" class=\"elementor elementor-3283 elementor-2003\" data-elementor-post-type=\"page\">\n\t\t\t\t<div class=\"elementor-element elementor-element-cdd3ddd e-flex e-con-boxed e-con e-parent\" data-id=\"cdd3ddd\" data-element_type=\"container\" data-e-type=\"container\" data-settings=\"{&quot;background_background&quot;:&quot;classic&quot;}\">\n\t\t\t\t\t<div class=\"e-con-inner\">\n\t\t\t\t<div class=\"elementor-element elementor-element-2b5ce8b elementor-widget elementor-widget-heading\" data-id=\"2b5ce8b\" data-element_type=\"widget\" data-e-type=\"widget\" data-widget_type=\"heading.default\">\n\t\t\t\t\t<h1 class=\"elementor-heading-title elementor-size-default\">Cities <\/h1>\t\t\t\t<\/div>\n\t\t\t\t\t<\/div>\n\t\t\t\t<\/div>\n\t\t<div class=\"elementor-element elementor-element-e5ee09b e-con-full e-flex e-con e-parent\" data-id=\"e5ee09b\" data-element_type=\"container\" data-e-type=\"container\" data-settings=\"{&quot;background_background&quot;:&quot;classic&quot;}\">\n\t\t<div class=\"elementor-element elementor-element-d4e72ce e-con-full elementor-hidden-tablet elementor-hidden-mobile e-flex e-con e-child\" data-id=\"d4e72ce\" data-element_type=\"container\" data-e-type=\"container\">\n\t\t\t\t<div class=\"elementor-element elementor-element-0850047 elementor-widget__width-initial elementor-widget elementor-widget-n-carousel\" data-id=\"0850047\" data-element_type=\"widget\" data-e-type=\"widget\" data-settings=\"{&quot;carousel_items&quot;:[{&quot;slide_title&quot;:&quot;vr tour alcazaba&quot;,&quot;_id&quot;:&quot;39d4360&quot;},{&quot;slide_title&quot;:&quot;vr free tour centro historico&quot;,&quot;_id&quot;:&quot;91571b1&quot;}],&quot;image_spacing_custom&quot;:{&quot;unit&quot;:&quot;px&quot;,&quot;size&quot;:300,&quot;sizes&quot;:[]},&quot;image_spacing_custom_laptop&quot;:{&quot;unit&quot;:&quot;px&quot;,&quot;size&quot;:100,&quot;sizes&quot;:[]},&quot;slides_to_show&quot;:&quot;2&quot;,&quot;slides_to_show_tablet&quot;:&quot;2&quot;,&quot;infinite&quot;:&quot;yes&quot;,&quot;speed&quot;:500,&quot;offset_sides&quot;:&quot;none&quot;,&quot;image_spacing_custom_tablet_extra&quot;:{&quot;unit&quot;:&quot;px&quot;,&quot;size&quot;:&quot;&quot;,&quot;sizes&quot;:[]},&quot;image_spacing_custom_tablet&quot;:{&quot;unit&quot;:&quot;px&quot;,&quot;size&quot;:&quot;&quot;,&quot;sizes&quot;:[]},&quot;image_spacing_custom_mobile_extra&quot;:{&quot;unit&quot;:&quot;px&quot;,&quot;size&quot;:&quot;&quot;,&quot;sizes&quot;:[]},&quot;image_spacing_custom_mobile&quot;:{&quot;unit&quot;:&quot;px&quot;,&quot;size&quot;:&quot;&quot;,&quot;sizes&quot;:[]}}\" data-widget_type=\"nested-carousel.default\">\n\t\t\t\t\t\t\t<div class=\"e-n-carousel swiper\" role=\"region\" aria-roledescription=\"carousel\" aria-label=\"Carrusel\" dir=\"ltr\">\n\t\t\t<div class=\"swiper-wrapper\" aria-live=\"polite\">\n\t\t\t\t\t\t\t\t\t\t<div class=\"swiper-slide\" data-slide=\"1\" role=\"group\" aria-roledescription=\"slide\" aria-label=\"1 of 2\">\n\t\t\t\t\t\t\t<div class=\"elementor-element elementor-element-fc479a4 e-flex e-con-boxed e-con e-child\" data-id=\"fc479a4\" data-element_type=\"container\" data-e-type=\"container\">\n\t\t\t\t\t<div class=\"e-con-inner\">\n\t\t\t\t<div class=\"elementor-element elementor-element-cf77e52 elementor-position-top elementor-widget elementor-widget-image-box\" data-id=\"cf77e52\" data-element_type=\"widget\" data-e-type=\"widget\" data-widget_type=\"image-box.default\">\n\t\t\t\t\t<div class=\"elementor-image-box-wrapper\"><figure class=\"elementor-image-box-img\"><a href=\"https:\/\/xrexperiences.es\/vr-alcazaba-de-malaga-entrada-gratuita\/\" tabindex=\"-1\"><img fetchpriority=\"high\" decoding=\"async\" width=\"2560\" height=\"1707\" src=\"https:\/\/xrexperiences.es\/wp-content\/uploads\/2025\/11\/willian-justen-de-vasconcellos-7vKP5BAm8wg-unsplash-scaled.jpg\" class=\"attachment-full size-full wp-image-699\" alt=\"\" srcset=\"https:\/\/xrexperiences.es\/wp-content\/uploads\/2025\/11\/willian-justen-de-vasconcellos-7vKP5BAm8wg-unsplash-scaled.jpg 2560w, https:\/\/xrexperiences.es\/wp-content\/uploads\/2025\/11\/willian-justen-de-vasconcellos-7vKP5BAm8wg-unsplash-300x200.jpg 300w, https:\/\/xrexperiences.es\/wp-content\/uploads\/2025\/11\/willian-justen-de-vasconcellos-7vKP5BAm8wg-unsplash-1024x683.jpg 1024w, https:\/\/xrexperiences.es\/wp-content\/uploads\/2025\/11\/willian-justen-de-vasconcellos-7vKP5BAm8wg-unsplash-768x512.jpg 768w, https:\/\/xrexperiences.es\/wp-content\/uploads\/2025\/11\/willian-justen-de-vasconcellos-7vKP5BAm8wg-unsplash-1536x1024.jpg 1536w, https:\/\/xrexperiences.es\/wp-content\/uploads\/2025\/11\/willian-justen-de-vasconcellos-7vKP5BAm8wg-unsplash-2048x1365.jpg 2048w\" sizes=\"(max-width: 2560px) 100vw, 2560px\" \/><\/a><\/figure><div class=\"elementor-image-box-content\"><h4 class=\"elementor-image-box-title\"><a href=\"https:\/\/xrexperiences.es\/vr-alcazaba-de-malaga-entrada-gratuita\/\">M\u00e1laga<\/a><\/h4><\/div><\/div>\t\t\t\t<\/div>\n\t\t\t\t\t<\/div>\n\t\t\t\t<\/div>\n\t\t\t\t\t\t\t\t<\/div>\n\t\t\t\t\t\t\t\t\t\t\t<div class=\"swiper-slide\" data-slide=\"2\" role=\"group\" aria-roledescription=\"slide\" aria-label=\"2 of 2\">\n\t\t\t\t\t\t\t<div class=\"elementor-element elementor-element-ed665ea e-flex e-con-boxed e-con e-child\" data-id=\"ed665ea\" data-element_type=\"container\" data-e-type=\"container\">\n\t\t\t\t\t<div class=\"e-con-inner\">\n\t\t\t\t<div class=\"elementor-element elementor-element-fd7511b elementor-position-top elementor-widget elementor-widget-image-box\" data-id=\"fd7511b\" data-element_type=\"widget\" data-e-type=\"widget\" data-widget_type=\"image-box.default\">\n\t\t\t\t\t<div class=\"elementor-image-box-wrapper\"><figure class=\"elementor-image-box-img\"><img decoding=\"async\" width=\"1703\" height=\"2560\" src=\"https:\/\/xrexperiences.es\/wp-content\/uploads\/2025\/12\/olga-angelucci-DqxdblaVkE8-unsplash-scaled.jpg\" class=\"attachment-full size-full wp-image-3285\" alt=\"\" srcset=\"https:\/\/xrexperiences.es\/wp-content\/uploads\/2025\/12\/olga-angelucci-DqxdblaVkE8-unsplash-scaled.jpg 1703w, https:\/\/xrexperiences.es\/wp-content\/uploads\/2025\/12\/olga-angelucci-DqxdblaVkE8-unsplash-200x300.jpg 200w, https:\/\/xrexperiences.es\/wp-content\/uploads\/2025\/12\/olga-angelucci-DqxdblaVkE8-unsplash-681x1024.jpg 681w, https:\/\/xrexperiences.es\/wp-content\/uploads\/2025\/12\/olga-angelucci-DqxdblaVkE8-unsplash-768x1155.jpg 768w, https:\/\/xrexperiences.es\/wp-content\/uploads\/2025\/12\/olga-angelucci-DqxdblaVkE8-unsplash-1022x1536.jpg 1022w, https:\/\/xrexperiences.es\/wp-content\/uploads\/2025\/12\/olga-angelucci-DqxdblaVkE8-unsplash-1362x2048.jpg 1362w\" sizes=\"(max-width: 1703px) 100vw, 1703px\" \/><\/figure><div class=\"elementor-image-box-content\"><h4 class=\"elementor-image-box-title\">Jerez de la Frontera (coming soon)<\/h4><\/div><\/div>\t\t\t\t<\/div>\n\t\t\t\t\t<\/div>\n\t\t\t\t<\/div>\n\t\t\t\t\t\t\t\t<\/div>\n\t\t\t\t\t\t\t\t<\/div>\n\t\t<\/div>\n\t\t\t\t\t\t<\/div>\n\t\t\t\t<\/div>\n\t\t<div class=\"elementor-element elementor-element-45eab7d e-con-full elementor-hidden-desktop elementor-hidden-laptop elementor-hidden-tablet_extra elementor-hidden-mobile_extra e-flex e-con e-child\" data-id=\"45eab7d\" data-element_type=\"container\" data-e-type=\"container\">\n\t\t<div class=\"elementor-element elementor-element-5c2362e e-con-full e-flex e-con e-child\" data-id=\"5c2362e\" data-element_type=\"container\" data-e-type=\"container\">\n\t\t\t\t<div class=\"elementor-element elementor-element-8d4be82 elementor-position-top elementor-widget elementor-widget-image-box\" data-id=\"8d4be82\" data-element_type=\"widget\" data-e-type=\"widget\" data-widget_type=\"image-box.default\">\n\t\t\t\t\t<div class=\"elementor-image-box-wrapper\"><figure class=\"elementor-image-box-img\"><a href=\"https:\/\/xrexperiences.es\/vr-alcazaba-de-malaga-entrada-gratuita\/\" tabindex=\"-1\"><img fetchpriority=\"high\" decoding=\"async\" width=\"2560\" height=\"1707\" src=\"https:\/\/xrexperiences.es\/wp-content\/uploads\/2025\/11\/willian-justen-de-vasconcellos-7vKP5BAm8wg-unsplash-scaled.jpg\" class=\"attachment-full size-full wp-image-699\" alt=\"\" srcset=\"https:\/\/xrexperiences.es\/wp-content\/uploads\/2025\/11\/willian-justen-de-vasconcellos-7vKP5BAm8wg-unsplash-scaled.jpg 2560w, https:\/\/xrexperiences.es\/wp-content\/uploads\/2025\/11\/willian-justen-de-vasconcellos-7vKP5BAm8wg-unsplash-300x200.jpg 300w, https:\/\/xrexperiences.es\/wp-content\/uploads\/2025\/11\/willian-justen-de-vasconcellos-7vKP5BAm8wg-unsplash-1024x683.jpg 1024w, https:\/\/xrexperiences.es\/wp-content\/uploads\/2025\/11\/willian-justen-de-vasconcellos-7vKP5BAm8wg-unsplash-768x512.jpg 768w, https:\/\/xrexperiences.es\/wp-content\/uploads\/2025\/11\/willian-justen-de-vasconcellos-7vKP5BAm8wg-unsplash-1536x1024.jpg 1536w, https:\/\/xrexperiences.es\/wp-content\/uploads\/2025\/11\/willian-justen-de-vasconcellos-7vKP5BAm8wg-unsplash-2048x1365.jpg 2048w\" sizes=\"(max-width: 2560px) 100vw, 2560px\" \/><\/a><\/figure><div class=\"elementor-image-box-content\"><h4 class=\"elementor-image-box-title\"><a href=\"https:\/\/xrexperiences.es\/vr-alcazaba-de-malaga-entrada-gratuita\/\">M\u00e1laga<\/a><\/h4><\/div><\/div>\t\t\t\t<\/div>\n\t\t\t\t<\/div>\n\t\t<div class=\"elementor-element elementor-element-756971b e-con-full e-flex e-con e-child\" data-id=\"756971b\" data-element_type=\"container\" data-e-type=\"container\">\n\t\t\t\t<div class=\"elementor-element elementor-element-544a473 elementor-position-top elementor-widget elementor-widget-image-box\" data-id=\"544a473\" data-element_type=\"widget\" data-e-type=\"widget\" data-widget_type=\"image-box.default\">\n\t\t\t\t\t<div class=\"elementor-image-box-wrapper\"><figure class=\"elementor-image-box-img\"><img decoding=\"async\" width=\"1703\" height=\"2560\" src=\"https:\/\/xrexperiences.es\/wp-content\/uploads\/2025\/12\/olga-angelucci-DqxdblaVkE8-unsplash-scaled.jpg\" class=\"attachment-full size-full wp-image-3285\" alt=\"\" srcset=\"https:\/\/xrexperiences.es\/wp-content\/uploads\/2025\/12\/olga-angelucci-DqxdblaVkE8-unsplash-scaled.jpg 1703w, https:\/\/xrexperiences.es\/wp-content\/uploads\/2025\/12\/olga-angelucci-DqxdblaVkE8-unsplash-200x300.jpg 200w, https:\/\/xrexperiences.es\/wp-content\/uploads\/2025\/12\/olga-angelucci-DqxdblaVkE8-unsplash-681x1024.jpg 681w, https:\/\/xrexperiences.es\/wp-content\/uploads\/2025\/12\/olga-angelucci-DqxdblaVkE8-unsplash-768x1155.jpg 768w, https:\/\/xrexperiences.es\/wp-content\/uploads\/2025\/12\/olga-angelucci-DqxdblaVkE8-unsplash-1022x1536.jpg 1022w, https:\/\/xrexperiences.es\/wp-content\/uploads\/2025\/12\/olga-angelucci-DqxdblaVkE8-unsplash-1362x2048.jpg 1362w\" sizes=\"(max-width: 1703px) 100vw, 1703px\" \/><\/figure><div class=\"elementor-image-box-content\"><h4 class=\"elementor-image-box-title\">Jerez de la Frontera (coming soon)<\/h4><\/div><\/div>\t\t\t\t<\/div>\n\t\t\t\t<\/div>\n\t\t\t\t<\/div>\n\t\t\t\t<\/div>\n\t\t\t\t<\/div>\n\t\t","protected":false},"excerpt":{"rendered":"<p>Cities M\u00e1laga Jerez de la Frontera (coming soon) M\u00e1laga Jerez de la Frontera (coming soon) M\u00e1laga Jerez de la Frontera (coming soon)<\/p>\n","protected":false},"author":1,"featured_media":0,"parent":0,"menu_order":0,"comment_status":"closed","ping_status":"closed","template":"elementor_header_footer","meta":{"footnotes":""},"class_list":["post-3283","page","type-page","status-publish","hentry"],"yoast_head":"<!-- This site is optimized with the Yoast SEO plugin v26.9 - https:\/\/yoast.com\/product\/yoast-seo-wordpress\/ -->\n<title>TOURS - XR Experiences<\/title>\n<meta name=\"robots\" content=\"index, follow, max-snippet:-1, max-image-preview:large, max-video-preview:-1\" \/>\n<link rel=\"canonical\" href=\"https:\/\/xrexperiences.es\/en\/tours\/\" \/>\n<meta property=\"og:locale\" content=\"en_US\" \/>\n<meta property=\"og:type\" content=\"article\" \/>\n<meta property=\"og:title\" content=\"TOURS - XR Experiences\" \/>\n<meta property=\"og:description\" content=\"Cities M\u00e1laga Jerez de la Frontera (coming soon) M\u00e1laga Jerez de la Frontera (coming soon) M\u00e1laga Jerez de la Frontera (coming soon)\" \/>\n<meta property=\"og:url\" content=\"https:\/\/xrexperiences.es\/en\/tours\/\" \/>\n<meta property=\"og:site_name\" content=\"XR Experiences\" \/>\n<meta property=\"article:modified_time\" content=\"2026-02-16T09:23:05+00:00\" \/>\n<meta property=\"og:image\" content=\"https:\/\/xrexperiences.es\/wp-content\/uploads\/2025\/11\/willian-justen-de-vasconcellos-7vKP5BAm8wg-unsplash-scaled.jpg\" \/>\n\t<meta property=\"og:image:width\" content=\"2560\" \/>\n\t<meta property=\"og:image:height\" content=\"1707\" \/>\n\t<meta property=\"og:image:type\" content=\"image\/jpeg\" \/>\n<meta name=\"twitter:card\" content=\"summary_large_image\" \/>\n<script type=\"application\/ld+json\" class=\"yoast-schema-graph\">{\"@context\":\"https:\/\/schema.org\",\"@graph\":[{\"@type\":\"WebPage\",\"@id\":\"https:\/\/xrexperiences.es\/en\/tours\/\",\"url\":\"https:\/\/xrexperiences.es\/en\/tours\/\",\"name\":\"TOURS - XR Experiences\",\"isPartOf\":{\"@id\":\"https:\/\/xrexperiences.es\/en\/#website\"},\"primaryImageOfPage\":{\"@id\":\"https:\/\/xrexperiences.es\/en\/tours\/#primaryimage\"},\"image\":{\"@id\":\"https:\/\/xrexperiences.es\/en\/tours\/#primaryimage\"},\"thumbnailUrl\":\"https:\/\/xrexperiences.es\/wp-content\/uploads\/2025\/11\/willian-justen-de-vasconcellos-7vKP5BAm8wg-unsplash-scaled.jpg\",\"datePublished\":\"2025-12-16T12:28:36+00:00\",\"dateModified\":\"2026-02-16T09:23:05+00:00\",\"breadcrumb\":{\"@id\":\"https:\/\/xrexperiences.es\/en\/tours\/#breadcrumb\"},\"inLanguage\":\"en-US\",\"potentialAction\":[{\"@type\":\"ReadAction\",\"target\":[\"https:\/\/xrexperiences.es\/en\/tours\/\"]}]},{\"@type\":\"ImageObject\",\"inLanguage\":\"en-US\",\"@id\":\"https:\/\/xrexperiences.es\/en\/tours\/#primaryimage\",\"url\":\"https:\/\/xrexperiences.es\/wp-content\/uploads\/2025\/11\/willian-justen-de-vasconcellos-7vKP5BAm8wg-unsplash-scaled.jpg\",\"contentUrl\":\"https:\/\/xrexperiences.es\/wp-content\/uploads\/2025\/11\/willian-justen-de-vasconcellos-7vKP5BAm8wg-unsplash-scaled.jpg\"},{\"@type\":\"BreadcrumbList\",\"@id\":\"https:\/\/xrexperiences.es\/en\/tours\/#breadcrumb\",\"itemListElement\":[{\"@type\":\"ListItem\",\"position\":1,\"name\":\"Portada\",\"item\":\"https:\/\/xrexperiences.es\/en\/xr-guided-virtual-reality-tours-in-malaga\/\"},{\"@type\":\"ListItem\",\"position\":2,\"name\":\"TOURS\"}]},{\"@type\":\"WebSite\",\"@id\":\"https:\/\/xrexperiences.es\/en\/#website\",\"url\":\"https:\/\/xrexperiences.es\/en\/\",\"name\":\"XR Experiences\",\"description\":\"\",\"publisher\":{\"@id\":\"https:\/\/xrexperiences.es\/en\/#organization\"},\"potentialAction\":[{\"@type\":\"SearchAction\",\"target\":{\"@type\":\"EntryPoint\",\"urlTemplate\":\"https:\/\/xrexperiences.es\/en\/?s={search_term_string}\"},\"query-input\":{\"@type\":\"PropertyValueSpecification\",\"valueRequired\":true,\"valueName\":\"search_term_string\"}}],\"inLanguage\":\"en-US\"},{\"@type\":\"Organization\",\"@id\":\"https:\/\/xrexperiences.es\/en\/#organization\",\"name\":\"XR Experiences\",\"url\":\"https:\/\/xrexperiences.es\/en\/\",\"logo\":{\"@type\":\"ImageObject\",\"inLanguage\":\"en-US\",\"@id\":\"https:\/\/xrexperiences.es\/en\/#\/schema\/logo\/image\/\",\"url\":\"https:\/\/xrexperiences.es\/wp-content\/uploads\/2025\/11\/cropped-favicon_xr2.png\",\"contentUrl\":\"https:\/\/xrexperiences.es\/wp-content\/uploads\/2025\/11\/cropped-favicon_xr2.png\",\"width\":512,\"height\":512,\"caption\":\"XR Experiences\"},\"image\":{\"@id\":\"https:\/\/xrexperiences.es\/en\/#\/schema\/logo\/image\/\"}}]}<\/script>\n<!-- \/ Yoast SEO plugin. -->","yoast_head_json":{"title":"TOURS - XR Experiences","robots":{"index":"index","follow":"follow","max-snippet":"max-snippet:-1","max-image-preview":"max-image-preview:large","max-video-preview":"max-video-preview:-1"},"canonical":"https:\/\/xrexperiences.es\/en\/tours\/","og_locale":"en_US","og_type":"article","og_title":"TOURS - XR Experiences","og_description":"Cities M\u00e1laga Jerez de la Frontera (coming soon) M\u00e1laga Jerez de la Frontera (coming soon) M\u00e1laga Jerez de la Frontera (coming soon)","og_url":"https:\/\/xrexperiences.es\/en\/tours\/","og_site_name":"XR Experiences","article_modified_time":"2026-02-16T09:23:05+00:00","og_image":[{"width":2560,"height":1707,"url":"https:\/\/xrexperiences.es\/wp-content\/uploads\/2025\/11\/willian-justen-de-vasconcellos-7vKP5BAm8wg-unsplash-scaled.jpg","type":"image\/jpeg"}],"twitter_card":"summary_large_image","schema":{"@context":"https:\/\/schema.org","@graph":[{"@type":"WebPage","@id":"https:\/\/xrexperiences.es\/en\/tours\/","url":"https:\/\/xrexperiences.es\/en\/tours\/","name":"TOURS - XR Experiences","isPartOf":{"@id":"https:\/\/xrexperiences.es\/en\/#website"},"primaryImageOfPage":{"@id":"https:\/\/xrexperiences.es\/en\/tours\/#primaryimage"},"image":{"@id":"https:\/\/xrexperiences.es\/en\/tours\/#primaryimage"},"thumbnailUrl":"https:\/\/xrexperiences.es\/wp-content\/uploads\/2025\/11\/willian-justen-de-vasconcellos-7vKP5BAm8wg-unsplash-scaled.jpg","datePublished":"2025-12-16T12:28:36+00:00","dateModified":"2026-02-16T09:23:05+00:00","breadcrumb":{"@id":"https:\/\/xrexperiences.es\/en\/tours\/#breadcrumb"},"inLanguage":"en-US","potentialAction":[{"@type":"ReadAction","target":["https:\/\/xrexperiences.es\/en\/tours\/"]}]},{"@type":"ImageObject","inLanguage":"en-US","@id":"https:\/\/xrexperiences.es\/en\/tours\/#primaryimage","url":"https:\/\/xrexperiences.es\/wp-content\/uploads\/2025\/11\/willian-justen-de-vasconcellos-7vKP5BAm8wg-unsplash-scaled.jpg","contentUrl":"https:\/\/xrexperiences.es\/wp-content\/uploads\/2025\/11\/willian-justen-de-vasconcellos-7vKP5BAm8wg-unsplash-scaled.jpg"},{"@type":"BreadcrumbList","@id":"https:\/\/xrexperiences.es\/en\/tours\/#breadcrumb","itemListElement":[{"@type":"ListItem","position":1,"name":"Portada","item":"https:\/\/xrexperiences.es\/en\/xr-guided-virtual-reality-tours-in-malaga\/"},{"@type":"ListItem","position":2,"name":"TOURS"}]},{"@type":"WebSite","@id":"https:\/\/xrexperiences.es\/en\/#website","url":"https:\/\/xrexperiences.es\/en\/","name":"XR Experiences","description":"","publisher":{"@id":"https:\/\/xrexperiences.es\/en\/#organization"},"potentialAction":[{"@type":"SearchAction","target":{"@type":"EntryPoint","urlTemplate":"https:\/\/xrexperiences.es\/en\/?s={search_term_string}"},"query-input":{"@type":"PropertyValueSpecification","valueRequired":true,"valueName":"search_term_string"}}],"inLanguage":"en-US"},{"@type":"Organization","@id":"https:\/\/xrexperiences.es\/en\/#organization","name":"XR Experiences","url":"https:\/\/xrexperiences.es\/en\/","logo":{"@type":"ImageObject","inLanguage":"en-US","@id":"https:\/\/xrexperiences.es\/en\/#\/schema\/logo\/image\/","url":"https:\/\/xrexperiences.es\/wp-content\/uploads\/2025\/11\/cropped-favicon_xr2.png","contentUrl":"https:\/\/xrexperiences.es\/wp-content\/uploads\/2025\/11\/cropped-favicon_xr2.png","width":512,"height":512,"caption":"XR Experiences"},"image":{"@id":"https:\/\/xrexperiences.es\/en\/#\/schema\/logo\/image\/"}}]}},"_links":{"self":[{"href":"https:\/\/xrexperiences.es\/en\/wp-json\/wp\/v2\/pages\/3283","targetHints":{"allow":["GET"]}}],"collection":[{"href":"https:\/\/xrexperiences.es\/en\/wp-json\/wp\/v2\/pages"}],"about":[{"href":"https:\/\/xrexperiences.es\/en\/wp-json\/wp\/v2\/types\/page"}],"author":[{"embeddable":true,"href":"https:\/\/xrexperiences.es\/en\/wp-json\/wp\/v2\/users\/1"}],"replies":[{"embeddable":true,"href":"https:\/\/xrexperiences.es\/en\/wp-json\/wp\/v2\/comments?post=3283"}],"version-history":[{"count":0,"href":"https:\/\/xrexperiences.es\/en\/wp-json\/wp\/v2\/pages\/3283\/revisions"}],"wp:attachment":[{"href":"https:\/\/xrexperiences.es\/en\/wp-json\/wp\/v2\/media?parent=3283"}],"curies":[{"name":"wp","href":"https:\/\/api.w.org\/{rel}","templated":true}]}}